{"id":4521,"date":"2019-05-13T21:57:11","date_gmt":"2019-05-13T19:57:11","guid":{"rendered":"http:\/\/krolewo.pl\/?page_id=4521"},"modified":"2025-01-16T20:19:46","modified_gmt":"2025-01-16T19:19:46","slug":"egzamin-osmioklasisty","status":"publish","type":"page","link":"http:\/\/krolewo.pl\/?page_id=4521","title":{"rendered":"Egzamin o\u015bmioklasisty"},"content":{"rendered":"\n<p>Informacje dla \u00f3smoklasist\u00f3w<br>HARMONOGRAM EGZAMINU \u00d3SMOKLASISTY W ROKU SZKOLNYM 2024\/2025<\/p>\n\n\n\n<figure class=\"wp-block-image size-large\"><a href=\"http:\/\/krolewo.pl\/wp-content\/uploads\/2025\/01\/Bez-tytulu.jpg\"><img decoding=\"async\" loading=\"lazy\" width=\"1024\" height=\"338\" src=\"http:\/\/krolewo.pl\/wp-content\/uploads\/2025\/01\/Bez-tytulu-1024x338.jpg\" alt=\"\" class=\"wp-image-6545\" srcset=\"http:\/\/krolewo.pl\/wp-content\/uploads\/2025\/01\/Bez-tytulu-1024x338.jpg 1024w, http:\/\/krolewo.pl\/wp-content\/uploads\/2025\/01\/Bez-tytulu-300x99.jpg 300w, http:\/\/krolewo.pl\/wp-content\/uploads\/2025\/01\/Bez-tytulu-768x254.jpg 768w, http:\/\/krolewo.pl\/wp-content\/uploads\/2025\/01\/Bez-tytulu.jpg 1117w\" sizes=\"(max-width: 1024px) 100vw, 1024px\" \/><\/a><\/figure>\n\n\n\n<p>CZAS TRWANIA EGZAMINU \u00d3SMOKLASISTY Z POSZCZEG\u00d3LNYCH PRZEDMIOT\u00d3W<\/p>\n\n\n\n<figure class=\"wp-block-image size-full\"><a href=\"http:\/\/krolewo.pl\/wp-content\/uploads\/2025\/01\/czas.jpg\"><img decoding=\"async\" loading=\"lazy\" width=\"914\" height=\"271\" src=\"http:\/\/krolewo.pl\/wp-content\/uploads\/2025\/01\/czas.jpg\" alt=\"\" class=\"wp-image-6544\" srcset=\"http:\/\/krolewo.pl\/wp-content\/uploads\/2025\/01\/czas.jpg 914w, http:\/\/krolewo.pl\/wp-content\/uploads\/2025\/01\/czas-300x89.jpg 300w, http:\/\/krolewo.pl\/wp-content\/uploads\/2025\/01\/czas-768x228.jpg 768w\" sizes=\"(max-width: 914px) 100vw, 914px\" \/><\/a><\/figure>\n\n\n\n<p>\u2022 EGZAMIN \u00d3SMOKLASISTY JEST EGZAMINEM OBOWI\u0104ZKOWYM, CO OZNACZA, \u017bE KA\u017bDY UCZE\u0143 MUSI DO NIEGO PRZYST\u0104PI\u0106, ABY UKO\u0143CZY\u0106 SZKO\u0141\u0118. NIE JEST OKRE\u015aLONY MINIMALNY WYNIK, JAKI UCZE\u0143 POWINIEN UZYSKA\u0106, DLATEGO EGZAMINU \u00d3SMOKLASISTY NIE MO\u017bNA NIE ZDA\u0106.<br>\u2022 ZAST\u0118PUJE EGZAMIN WST\u0118PNY DO SZK\u00d3\u0141 PONADPODSTAWOWYCH, KT\u00d3RE WYKORZYSTUJ\u0104 WYNIKI EGZAMINU \u00d3SMOKLASISTY Z POSZCZEG\u00d3LNYCH PRZEDMIOT\u00d3W JAKO KRYTERIA W PROCESIE REKRUTACJI, JE\u017bELI LICZBA KANDYDAT\u00d3W JEST WI\u0118KSZA NI\u017b LICZBA WOLNYCH MIEJSC W DANEJ SZKOLE.<br>\u2022 EGZAMIN \u00d3SMOKLASISTY JEST PRZEPROWADZANY W DW\u00d3CH TERMINACH: G\u0141\u00d3WNYM &#8211; W MAJU I DODATKOWYM &#8211; W CZERWCU.<br>DO EGZAMINU W TERMINIE DODATKOWYM PRZYST\u0118PUJE UCZE\u0143, KT\u00d3RY NIE PRZYST\u0104PI\u0141 DO EGZAMINU W TERMINIE G\u0141\u00d3WNYM Z PRZYCZYN LOSOWYCH LUB ZDROWOTNYCH.<br>\u2022 EGZAMIN \u00d3SMOKLASISTY JEST PRZEPROWADZANY W FORMIE PISEMNEJ.<br>\u2022 \u00d3SMOKLASISTA PRZYST\u0118PUJE DO EGZAMINU Z TRZECH PRZEDMIOT\u00d3W OBOWI\u0104ZKOWYCH, TJ.: J\u0118ZYKA POLSKIEGO, MATEMATYKI I J\u0118ZYKA OBCEGO NOWO\u017bYTNEGO<br>\u2022 \u00d3SMOKLASISTA PRZYST\u0118PUJE DO EGZAMINU Z JEDNEGO Z NAST\u0118PUJ\u0104CYCH J\u0118ZYK\u00d3W OBCYCH NOWO\u017bYTNYCH: ANGIELSKIEGO LUB NIEMIECKIEGO. UCZE\u0143 MO\u017bE WYBRA\u0106 TYLKO TEN J\u0118ZYK, KT\u00d3REGO UCZY SI\u0118 W SZKOLE W RAMACH OBOWI\u0104ZKOWYCH ZAJ\u0118\u0106 EDUKACYJNYCH.<br>\u2022 EGZAMIN \u00d3SMOKLASISTY JEST PRZEPROWADZANY PRZEZ TRZY KOLEJNE DNI:<\/p>\n\n\n\n<ul>\n<li>PIERWSZEGO DNIA &#8211; EGZAMIN Z J\u0118ZYKA POLSKIEGO, KT\u00d3RY TRWA 120 MINUT<\/li>\n\n\n\n<li>DRUGIEGO DNIA &#8211; EGZAMIN Z MATEMATYKI, KT\u00d3RY TRWA 100 MINUT<\/li>\n\n\n\n<li>TRZECIEGO DNIA &#8211; EGZAMIN Z J\u0118ZYKA OBCEGO NOWO\u017bYTNEGO.<br>\u2022 CZAS TRWANIA EGZAMINU Z POSZCZEG\u00d3LNYCH PRZEDMIOT\u00d3W MO\u017bE BY\u0106 WYD\u0141U\u017bONY W PRZYPADKU UCZNI\u00d3W, KT\u00d3RYM PRZYS\u0141UGUJE DOSTOSOWANIE WARUNK\u00d3W PRZEPROWADZANIA EGZAMINU.<br>\u2022 PODCZAS EGZAMINU Z KA\u017bDEGO PRZEDMIOTU KA\u017bDY ZDAJ\u0104CY SIEDZI PRZY OSOBNYM STOLIKU. NA STOLIKU MOG\u0104 ZNAJDOWA\u0106 SI\u0118 WY\u0141\u0104CZNIE ARKUSZE EGZAMINACYJNE, MATERIA\u0141Y I PRZYBORY POMOCNICZE WSKAZANE W KOMUNIKACIE DYREKTORA CKE ORAZ &#8211; W PRZYPADKU UCZNI\u00d3W CHORYCH LUB NIEPE\u0141NOSPRAWNYCH &#8211; LEKI I INNE POMOCE KONIECZNE ZE WZGL\u0118DU NA CHOROB\u0118 LUB NIEPE\u0141NOSPRAWNO\u015a\u0106.<br>\u2022 DO SALI EGZAMINACYJNEJ NIE MO\u017bNA WNOSI\u0106 \u017bADNYCH URZ\u0104DZE\u0143 TELEKOMUNIKACYJNYCH, NP. TELEFON\u00d3W KOM\u00d3RKOWYCH, ODTWARZACZY MP3, SMARTWATCHY, ANI KORZYSTA\u0106 Z NICH W TEJ SALI.<br>\u2022 W CZASIE EGZAMINU ZDAJ\u0104CY MOG\u0104 OPUSZCZA\u0106 SAL\u0118 EGZAMINACYJN\u0104 W UZASADNIONEJ SYTUACJI, PO UZYSKANIU ZEZWOLENIA PRZEWODNICZ\u0104CEGO ZESPO\u0141U NADZORUJ\u0104CEGO I PO ZAPEWNIENIU WARUNK\u00d3W WYKLUCZAJ\u0104CYCH MO\u017bLIWO\u015a\u0106 KONTAKTOWANIA SI\u0118 Z INNYMI OSOBAMI, POZA OSOBAMI UDZIELAJ\u0104CYMI POMOCY MEDYCZNEJ.<br>\u2022 CZ\u0141ONKOWIE ZESPO\u0141U NADZORUJ\u0104CEGO NIE MOG\u0104 UDZIELA\u0106 ZDAJ\u0104CYM WYJA\u015aNIE\u0143 DOTYCZ\u0104CYCH ZADA\u0143 EGZAMINACYJNYCH. NIE MOG\u0104 R\u00d3WNIE\u017b W \u017bADEN SPOS\u00d3B KOMENTOWA\u0106 ZADA\u0143 EGZAMINACYJNYCH.<br>\u2022 SZCZEG\u00d3\u0141OWY OPIS PRZEBIEGU EGZAMINU \u00d3SMOKLASISTY ZNAJDUJE SI\u0118 W \u201eINFORMACJI O SPOSOBIE ORGANIZACJI I PRZEPROWADZANIA EGZAMINU \u00d3SMOKLASISTY\u201d NA STRONIE INTERNETOWEJ CENTRALNEJ KOMISJI EGZAMINACYJNEJ. SZCZEG\u00d3\u0141Y DOTYCZ\u0104CE PRACY Z ARKUSZEM EGZAMINACYJNYM Z POSZCZEG\u00d3LNYCH PRZEDMIOT\u00d3W OKRE\u015aLA KA\u017bDORAZOWO INFORMACJA ZAWARTA NA STRONIE TYTU\u0141OWEJ ARKUSZA EGZAMINACYJNEGO.<br>Na stronie www.cke.gov.pl dost\u0119pne s\u0105 r\u00f3wnie\u017c:<br>\u2022 przyk\u0142adowe arkusze egzaminacyjne,<br>\u2022 arkusze egzaminu pr\u00f3bnego,<br>\u2022 zestawy powt\u00f3rzeniowe zada\u0144 egzaminacyjnych<br>\u2022 arkusze wykorzystane do przeprowadzania egzaminu \u00f3smoklasisty w latach 2019 &#8211; 2023.<\/li>\n<\/ul>\n\n\n\n<p>Og\u0142oszenie wynik\u00f3w egzaminu \u00f3smoklasisty &#8211; 4 lipca 2025 r.<br>Okr\u0119gowa komisja egzaminacyjna przekazuje szkole wyniki egzaminu \u00f3smoklasisty do 4 lipca 2025 r.<br>Wydanie zdaj\u0105cym za\u015bwiadcze\u0144 i informacji o szczeg\u00f3\u0142owych wynikach egzaminu \u00f3smoklasisty &#8211; 4 lipca 2025 r.<\/p>\n","protected":false},"excerpt":{"rendered":"<p>Informacje dla \u00f3smoklasist\u00f3wHARMONOGRAM EGZAMINU \u00d3SMOKLASISTY W ROKU SZKOLNYM 2024\/2025 CZAS TRWANIA EGZAMINU \u00d3SMOKLASISTY Z POSZCZEG\u00d3LNYCH PRZEDMIOT\u00d3W \u2022 EGZAMIN \u00d3SMOKLASISTY JEST EGZAMINEM OBOWI\u0104ZKOWYM, CO OZNACZA, \u017bE KA\u017bDY UCZE\u0143 MUSI DO NIEGO PRZYST\u0104PI\u0106, ABY UKO\u0143CZY\u0106 SZKO\u0141\u0118. NIE JEST OKRE\u015aLONY MINIMALNY WYNIK, JAKI UCZE\u0143 POWINIEN UZYSKA\u0106, DLATEGO EGZAMINU \u00d3SMOKLASISTY NIE MO\u017bNA NIE ZDA\u0106.\u2022 ZAST\u0118PUJE EGZAMIN WST\u0118PNY DO SZK\u00d3\u0141 [&hellip;]<\/p>\n","protected":false},"author":2,"featured_media":0,"parent":0,"menu_order":0,"comment_status":"closed","ping_status":"closed","template":"","meta":{"ngg_post_thumbnail":0,"footnotes":""},"_links":{"self":[{"href":"http:\/\/krolewo.pl\/index.php?rest_route=\/wp\/v2\/pages\/4521"}],"collection":[{"href":"http:\/\/krolewo.pl\/index.php?rest_route=\/wp\/v2\/pages"}],"about":[{"href":"http:\/\/krolewo.pl\/index.php?rest_route=\/wp\/v2\/types\/page"}],"author":[{"embeddable":true,"href":"http:\/\/krolewo.pl\/index.php?rest_route=\/wp\/v2\/users\/2"}],"replies":[{"embeddable":true,"href":"http:\/\/krolewo.pl\/index.php?rest_route=%2Fwp%2Fv2%2Fcomments&post=4521"}],"version-history":[{"count":6,"href":"http:\/\/krolewo.pl\/index.php?rest_route=\/wp\/v2\/pages\/4521\/revisions"}],"predecessor-version":[{"id":6546,"href":"http:\/\/krolewo.pl\/index.php?rest_route=\/wp\/v2\/pages\/4521\/revisions\/6546"}],"wp:attachment":[{"href":"http:\/\/krolewo.pl\/index.php?rest_route=%2Fwp%2Fv2%2Fmedia&parent=4521"}],"curies":[{"name":"wp","href":"https:\/\/api.w.org\/{rel}","templated":true}]}}