{"id":6050,"date":"2021-03-21T19:12:21","date_gmt":"2021-03-21T18:12:21","guid":{"rendered":"http:\/\/krolewo.pl\/?page_id=6050"},"modified":"2021-03-21T19:12:51","modified_gmt":"2021-03-21T18:12:51","slug":"oferta-edukacyjna","status":"publish","type":"page","link":"http:\/\/krolewo.pl\/?page_id=6050","title":{"rendered":"Oferta edukacyjna"},"content":{"rendered":"<p style=\"text-align: justify;\"><strong>Zaj\u0119cia prowadzone w naszych oddzia\u0142ach przedszkolnych dostosowane s\u0105 do mo\u017cliwo\u015bci, zainteresowa\u0144 i potrzeb dzieci oraz oczekiwa\u0144 rodzic\u00f3w:<\/strong><\/p>\n<ul>\n<li>zapewniamy dobr\u0105 opiek\u0119 i wychowanie dzieci<\/li>\n<li>dbamy o wszechstronny rozw\u00f3j wychowank\u00f3w,<\/li>\n<li>tworzymy przyjazn\u0105 i serdeczn\u0105 atmosfer\u0119,<\/li>\n<li>wykorzystujemy w pracy atrakcyjne metody nauczania,<\/li>\n<li>uwzgl\u0119dniamy indywidualne podej\u015bcie do ka\u017cdego dziecka,<\/li>\n<li>zatrudniamy wykszta\u0142con\u0105 i ambitn\u0105 kadr\u0119 pedagogiczn\u0105,<\/li>\n<li>posiadamy bardzo dobre wyposa\u017cenie w zabawki i pomoce dydaktyczne,<\/li>\n<li>promujemy zdrowy styl \u017cycia,<\/li>\n<li>jeste\u015bmy otwarci na wsp\u00f3\u0142prac\u0119 z rodzicami.<\/li>\n<\/ul>\n<p><strong>\u00a0<\/strong><strong>W przedszkolu organizowane s\u0105 bezp\u0142atne zaj\u0119cia: <\/strong><\/p>\n<ul>\n<li>Innowacyjne zaj\u0119cia \u201e Matematyka dla Smyka\u201d w grupie starszej.<\/li>\n<li>J. Angielski \u2013 2 lub 3 razy w tygodniu,<\/li>\n<li>Terapia logopedyczna &#8211; indywidualna oraz grupowa,<\/li>\n<li>Zaj\u0119cia z integracji sensorycznej \u201eSensopsoty\u201d w obu grupach.<\/li>\n<li>Religia &#8211; dwa razy w tygodniu, w starszej grupie wiekowej.<\/li>\n<\/ul>\n<p style=\"text-align: justify;\"><strong>Ponadto<\/strong><strong> dzieci maj\u0105 mo\u017cliwo\u015b\u0107 czynnego uczestnictwa w zaj\u0119ciach kreatywnych\u00a0stymuluj\u0105cych indywidualny rozw\u00f3j i okre\u015blaj\u0105cych osobiste predyspozycje i zainteresowania, s\u0105 to m.in. warsztaty plastyczne, muzyczno-rytmiczne, j\u0119zykowe, taneczne \u2013 zgodnie z ofert\u0105 instytucji zewn\u0119trznych.<\/strong><\/p>\n<p><strong>\u00a0<\/strong><\/p>\n<p style=\"text-align: center;\"><strong>PRACA WYCHOWAWCZO-DYDAKTYCZNO-OPIEKU\u0143CZA<\/strong><\/p>\n<p style=\"text-align: justify;\">Prowadzimy dzia\u0142ania logopedyczne, prozdrowotne, proekologiczne, opiekujemy si\u0119 dzie\u0107mi wymagaj\u0105cymi wsparcia (praca indywidualna i w grupach), rozwijamy zdolno\u015bci i zainteresowania, promujemy umiej\u0119tno\u015bci dzieci w \u015brodowisku lokalnym (strona internetowa, prasa lokalna, wystawy, wyst\u0119py artystyczne, konkursy), dbamy o ca\u0142o\u015bciowy rozw\u00f3j dziecka oraz wzbogacamy formy wsp\u00f3\u0142pracy z rodzicami (uroczysto\u015bci, spotkania i wyjazdy integracyjne, zaj\u0119cia otwarte, festyny, pogadanki, zebrania, prelekcje). Praca wychowawczo- dydaktyczno\u2013opieku\u0144cza realizowana jest tak, aby odpowiedzie\u0107 na oczekiwania dzieci i rodzic\u00f3w. Zadania realizujemy w atmosferze szacunku, akceptacji i bezpiecze\u0144stwa.<\/p>\n<p style=\"text-align: center;\"><strong>METODY DYDAKTYCZNO-WYCHOWAWCZE<\/strong><\/p>\n<p style=\"text-align: justify;\">Stosujemy tradycyjne metody i formy pracy oparte na metodyce\u00a0 wychowania przedszkolnego oraz nowoczesne rozwi\u0105zania, kt\u00f3re zapewniaj\u0105 wychowankom atrakcyjny, tw\u00f3rczy i aktywny spos\u00f3b na osi\u0105ganie sukces\u00f3w.<\/p>\n<p style=\"text-align: center;\"><strong>INNOWACYJNE DZIA\u0141ANIA<\/strong><strong>\u00a0<\/strong><\/p>\n<p style=\"text-align: justify;\">* Zaj\u0119cia prowadzone Metod\u0105 Dobrego Startu prof. M. Bogdanowicz<\/p>\n<p style=\"text-align: justify;\">* Zaj\u0119cia matematyczne prowadzone wg. programu \u201eMatematyka dla Smyka\u201d<\/p>\n<p style=\"text-align: justify;\">* Zaj\u0119cia komputerowe z wykorzystaniem tablicy interaktywnej<\/p>\n<p style=\"text-align: justify;\">* Zaj\u0119cia metod\u0105 projektu<\/p>\n<p style=\"text-align: justify;\">* \u0106wiczenia gimnastyczne metodami tw\u00f3rczymi Ruchu Rozwijaj\u0105cego W. Sherborne<\/p>\n<p style=\"text-align: justify;\">* Zaj\u0119cia z wykorzystaniem Pedagogiki ZabawyKlanza<\/p>\n<p style=\"text-align: justify;\">*Zaj\u0119cia rytmiczne, taneczne, ekspresji ruchowej C. Orffa, B. Strauss, E. J. Dalcroze&#8217;a\u00a0<\/p>\n<p style=\"text-align: justify;\">*zaj\u0119cia integracji sensorycznej \u201e Sensopsoty\u201d.<\/p>\n<p style=\"text-align: center;\"><strong>TRADYCJE<\/strong><\/p>\n<p>* Pasowanie na przedszkolaka.<\/p>\n<p>* Dzie\u0144 Pluszowego Misia.<\/p>\n<p>* Andrzejki.<\/p>\n<p>* Miko\u0142ajki.<\/p>\n<p>* Spotkanie wigilijne.<\/p>\n<p>* Dzie\u0144 Babci i Dziadka.<\/p>\n<p>* Bal Karnawa\u0142owy.<\/p>\n<p>* Przedszkolaki z bia\u0142o \u2013 czerwon\u0105.<\/p>\n<p>* Dzie\u0144 Mamy i Taty.<\/p>\n<p>* Dzie\u0144 Dziecka.<\/p>\n<p>* Wycieczki.<\/p>\n<p>* Uroczyste po\u017cegnanie oddzia\u0142u przedszkolnego.<\/p>\n\n\n<p><\/p>\n","protected":false},"excerpt":{"rendered":"<p>Zaj\u0119cia prowadzone w naszych oddzia\u0142ach przedszkolnych dostosowane s\u0105 do mo\u017cliwo\u015bci, zainteresowa\u0144 i potrzeb dzieci oraz oczekiwa\u0144 rodzic\u00f3w: zapewniamy dobr\u0105 opiek\u0119 i wychowanie dzieci dbamy o wszechstronny rozw\u00f3j wychowank\u00f3w, tworzymy przyjazn\u0105 i serdeczn\u0105 atmosfer\u0119, wykorzystujemy w pracy atrakcyjne metody nauczania, uwzgl\u0119dniamy indywidualne podej\u015bcie do ka\u017cdego dziecka, zatrudniamy wykszta\u0142con\u0105 i ambitn\u0105 kadr\u0119 pedagogiczn\u0105, posiadamy bardzo dobre wyposa\u017cenie [&hellip;]<\/p>\n","protected":false},"author":2,"featured_media":0,"parent":0,"menu_order":0,"comment_status":"closed","ping_status":"closed","template":"","meta":{"ngg_post_thumbnail":0,"footnotes":""},"_links":{"self":[{"href":"http:\/\/krolewo.pl\/index.php?rest_route=\/wp\/v2\/pages\/6050"}],"collection":[{"href":"http:\/\/krolewo.pl\/index.php?rest_route=\/wp\/v2\/pages"}],"about":[{"href":"http:\/\/krolewo.pl\/index.php?rest_route=\/wp\/v2\/types\/page"}],"author":[{"embeddable":true,"href":"http:\/\/krolewo.pl\/index.php?rest_route=\/wp\/v2\/users\/2"}],"replies":[{"embeddable":true,"href":"http:\/\/krolewo.pl\/index.php?rest_route=%2Fwp%2Fv2%2Fcomments&post=6050"}],"version-history":[{"count":1,"href":"http:\/\/krolewo.pl\/index.php?rest_route=\/wp\/v2\/pages\/6050\/revisions"}],"predecessor-version":[{"id":6051,"href":"http:\/\/krolewo.pl\/index.php?rest_route=\/wp\/v2\/pages\/6050\/revisions\/6051"}],"wp:attachment":[{"href":"http:\/\/krolewo.pl\/index.php?rest_route=%2Fwp%2Fv2%2Fmedia&parent=6050"}],"curies":[{"name":"wp","href":"https:\/\/api.w.org\/{rel}","templated":true}]}}