{"id":6054,"date":"2021-03-21T19:12:21","date_gmt":"2021-03-21T18:12:21","guid":{"rendered":"http:\/\/krolewo.pl\/?page_id=6054"},"modified":"2021-03-21T19:13:23","modified_gmt":"2021-03-21T18:13:23","slug":"kacik-logopedyczny","status":"publish","type":"page","link":"http:\/\/krolewo.pl\/?page_id=6054","title":{"rendered":"K\u0105cik logopedyczny"},"content":{"rendered":"<p style=\"text-align: center;\"><strong>CO KA\u017bDY RODZIC POWINIEN WIEDZIE\u0106<\/strong><\/p>\n<p style=\"text-align: center;\"><strong>WSKAZ\u00d3WKI DLA RODZIC\u00d3W<\/strong><\/p>\n<p><strong>\u00a0<\/strong><\/p>\n<ol>\n<li style=\"text-align: justify;\">Zaobserwuj, czy Twoje dziecko reaguje na d\u017awi\u0119ki, poniewa\u017c prawid\u0142owy s\u0142uch jest warunkiem rozwoju mowy. Pami\u0119taj, \u017ce dziecko najpierw uczy si\u0119 s\u0142ucha\u0107, a p\u00f3\u017aniej m\u00f3wi\u0107.<\/li>\n<li style=\"text-align: justify;\">Zwracaj uwag\u0119, czy dziecko podczas snu oddycha przez nos. Je\u017celi oddycha ustami, popro\u015b pediatr\u0119 o ustalenie przyczyny. Taki spos\u00f3b oddychania determinuje nieprawid\u0142ow\u0105 wymow\u0119.<\/li>\n<li style=\"text-align: justify;\">M\u00f3w do dziecka ju\u017c od pierwszych chwil jego \u017cycia. Zawsze reaguj i nawi\u0105zuj z dzieckiem rozmow\u0119. M\u00f3w do niego co robisz i co dzieje si\u0119 wok\u00f3\u0142 niego.<\/li>\n<li style=\"text-align: justify;\">Kiedy zwracasz si\u0119 do dziecka, unikaj spieszcze\u0144 i przesadnych zdrobnie\u0144. Dostarczaj mu prawid\u0142owego wzorca wymowy.<\/li>\n<li style=\"text-align: justify;\">M\u00f3wi\u0105c do dziecka, zwracaj uwag\u0119, aby widzia\u0142o Twoja twarz \u2013 b\u0119dzie mia\u0142o wtedy okazj\u0119 do obserwowania ruchu i uk\u0142adu ust oraz do na\u015bladowania ci\u0119.<\/li>\n<li style=\"text-align: justify;\">Mamusiu, karm swoje dziecko piersi\u0105. Naturalne karmienie zapewni mu prawid\u0142owy rozw\u00f3j mi\u0119\u015bni \u017cuchwy, mi\u0119\u015bnia okr\u0119\u017cnego ust i prawid\u0142owy rozw\u00f3j zgryzu.<\/li>\n<li style=\"text-align: justify;\">Unikaj podawania smoczka i uwa\u017caj, by nie ssa\u0142o palca. Nast\u0119pstwem tego mog\u0105 by\u0107 wady zgryzu, a w konsekwencji wymowy. Je\u017celi dziecko musi u\u017cywa\u0107 smoczek, stosuj go jak najkr\u00f3cej.<\/li>\n<li style=\"text-align: justify;\">W wolnym czasie wykonuj dziecku delikatny masa\u017c twarzy (policzki, wargi, \u017cuchwa). Dziecko po\u0142\u00f3\u017c lub posad\u017a w wygodnej pozycji, r\u0119ce nat\u0142u\u015b\u0107. Masa\u017c wykonuj palcami bardzo delikatnie, stopniowo zwi\u0119kszaj\u0105c nat\u0119\u017cenie poprzez: g\u0142askanie, ugniatanie i oklepywanie.<\/li>\n<li style=\"text-align: justify;\">Zwr\u00f3\u0107 uwag\u0119 na budow\u0119 i ruchomo\u015b\u0107 j\u0119zyka, podniebienia i warg (narz\u0105d\u00f3w artykulacyjnych). Np. je\u017celi czubek j\u0119zyka ma wci\u0119cie w kszta\u0142cie serduszka, \u015bwiadczy to o skr\u00f3conym w\u0119dzide\u0142ku podj\u0119zykowym, co oznacza utrudnienie, a nawet niemo\u017cliwo\u015b\u0107 poprawnej realizacji g\u0142osek: l, r, sz, \u017c, cz, d\u017c.<\/li>\n<li style=\"text-align: justify;\">Ucz dziecko s\u0142\u00f3w zawsze poprzez zabaw\u0119! Wykorzystuj do tego na przyk\u0142ad: spacery, posi\u0142ki, zabiegi piel\u0119gnacyjne, ubieranie itp. Wielokrotnie powtarzaj nazwy przedmiot\u00f3w znajduj\u0105cych si\u0119 obok.<\/li>\n<li style=\"text-align: justify;\">\u015apiewaj dziecku piosenki, wyliczanki, ucz wierszyk\u00f3w oraz baw si\u0119 z nim anga\u017cuj\u0105c zmys\u0142y (s\u0142uchu, wzroku, dotyku).<\/li>\n<li style=\"text-align: justify;\">Zadbaj o rozw\u00f3j ruchowy dziecka. Ma on bezpo\u015bredni wp\u0142yw na prawid\u0142owy przebieg rozwoju mowy.<\/li>\n<li style=\"text-align: justify;\">Opowiadaj dziecku bajki, czytaj ksi\u0105\u017cki i wierszyki. W ten spos\u00f3b rozwija si\u0119 u dziecka wyobra\u017ania, rozbudza ciekawo\u015b\u0107 poznawcza, usprawnia uwaga, koncentracja i pami\u0119\u0107.<\/li>\n<li style=\"text-align: justify;\">Chcesz wzbogaci\u0107 s\u0142ownictwo dziecka? Odpowiadaj mu na pytania cierpliwie i wyczerpuj\u0105co. Sam te\u017c zadawaj pytania, na przyk\u0142ad na temat przeczytanej bajki lub obejrzanego filmu. W ten spos\u00f3b zas\u00f3b s\u0142ownictwa dziecka si\u0119 wzbogaci, ale r\u00f3wnie\u017c nauczy si\u0119 ono w\u0142a\u015bciwego pos\u0142ugiwania si\u0119 akcentem, rytmem i melodi\u0105, kt\u00f3re maj\u0105 wp\u0142yw na rozumienie wypowiedzi.<\/li>\n<li style=\"text-align: justify;\">Mamo, tato! B\u0105d\u017a uwa\u017cnym s\u0142uchaczem. Nie przerywaj dziecku i unikaj ko\u0144czenie jego zda\u0144. Nigdy nie krytykuj i nie o\u015bmieszaj, jednak dyskretnie poprawiaj pojawiaj\u0105ce si\u0119 b\u0142\u0119dy mowy i wymowy.<\/li>\n<li style=\"text-align: justify;\">Rozwijaj aktywno\u015b\u0107 fizyczn\u0105 dziecka. Ma ona wp\u0142yw na funkcjonowanie m\u00f3zgu, zdolno\u015bci poznawcze i intelektualne, a wi\u0119c tak\u017ce na kszta\u0142towanie si\u0119 umiej\u0119tno\u015bci mowy. Zach\u0119caj dziecko do zabaw ruchowych anga\u017cuj\u0105c mi\u0119\u015bnie ca\u0142ego cia\u0142a, jak r\u00f3wnie\u017c rozwijaj\u0105cych sprawno\u015b\u0107 d\u0142oni i palc\u00f3w.<\/li>\n<li style=\"text-align: justify;\">Pami\u0119taj, \u017ce rozmowa z Tob\u0105 powinna by\u0107 dla dziecka przyjemno\u015bci\u0105!<\/li>\n<\/ol>\n","protected":false},"excerpt":{"rendered":"<p>CO KA\u017bDY RODZIC POWINIEN WIEDZIE\u0106 WSKAZ\u00d3WKI DLA RODZIC\u00d3W \u00a0 Zaobserwuj, czy Twoje dziecko reaguje na d\u017awi\u0119ki, poniewa\u017c prawid\u0142owy s\u0142uch jest warunkiem rozwoju mowy. Pami\u0119taj, \u017ce dziecko najpierw uczy si\u0119 s\u0142ucha\u0107, a p\u00f3\u017aniej m\u00f3wi\u0107. Zwracaj uwag\u0119, czy dziecko podczas snu oddycha przez nos. Je\u017celi oddycha ustami, popro\u015b pediatr\u0119 o ustalenie przyczyny. Taki spos\u00f3b oddychania determinuje nieprawid\u0142ow\u0105 [&hellip;]<\/p>\n","protected":false},"author":2,"featured_media":0,"parent":0,"menu_order":0,"comment_status":"closed","ping_status":"closed","template":"","meta":{"ngg_post_thumbnail":0,"footnotes":""},"_links":{"self":[{"href":"http:\/\/krolewo.pl\/index.php?rest_route=\/wp\/v2\/pages\/6054"}],"collection":[{"href":"http:\/\/krolewo.pl\/index.php?rest_route=\/wp\/v2\/pages"}],"about":[{"href":"http:\/\/krolewo.pl\/index.php?rest_route=\/wp\/v2\/types\/page"}],"author":[{"embeddable":true,"href":"http:\/\/krolewo.pl\/index.php?rest_route=\/wp\/v2\/users\/2"}],"replies":[{"embeddable":true,"href":"http:\/\/krolewo.pl\/index.php?rest_route=%2Fwp%2Fv2%2Fcomments&post=6054"}],"version-history":[{"count":1,"href":"http:\/\/krolewo.pl\/index.php?rest_route=\/wp\/v2\/pages\/6054\/revisions"}],"predecessor-version":[{"id":6055,"href":"http:\/\/krolewo.pl\/index.php?rest_route=\/wp\/v2\/pages\/6054\/revisions\/6055"}],"wp:attachment":[{"href":"http:\/\/krolewo.pl\/index.php?rest_route=%2Fwp%2Fv2%2Fmedia&parent=6054"}],"curies":[{"name":"wp","href":"https:\/\/api.w.org\/{rel}","templated":true}]}}