{"id":6348,"date":"2023-11-16T19:32:23","date_gmt":"2023-11-16T18:32:23","guid":{"rendered":"http:\/\/krolewo.pl\/?page_id=6348"},"modified":"2023-11-16T19:32:24","modified_gmt":"2023-11-16T18:32:24","slug":"procedury-postepowania-w-sytuacjach-kryzysowych-oraz-w-przypadku-zagrozenia-ucznia-demoralizacja","status":"publish","type":"page","link":"http:\/\/krolewo.pl\/?page_id=6348","title":{"rendered":"Procedury post\u0119powania w sytuacjach kryzysowych oraz w przypadku zagro\u017cenia ucznia demoralizacj\u0105"},"content":{"rendered":"\n<div class=\"wp-block-file\"><object class=\"wp-block-file__embed\" data=\"http:\/\/krolewo.pl\/wp-content\/uploads\/2023\/11\/procedury.pdf\" type=\"application\/pdf\" style=\"width:100%;height:600px\" aria-label=\"Osadzone z procedury.\"><\/object><a id=\"wp-block-file--media-380d0ba7-863b-434d-9cd8-7b5585974c00\" href=\"http:\/\/krolewo.pl\/wp-content\/uploads\/2023\/11\/procedury.pdf\">procedury<\/a><a href=\"http:\/\/krolewo.pl\/wp-content\/uploads\/2023\/11\/procedury.pdf\" class=\"wp-block-file__button wp-element-button\" download aria-describedby=\"wp-block-file--media-380d0ba7-863b-434d-9cd8-7b5585974c00\">Pobierz<\/a><\/div>\n","protected":false},"excerpt":{"rendered":"","protected":false},"author":2,"featured_media":0,"parent":0,"menu_order":0,"comment_status":"closed","ping_status":"closed","template":"","meta":{"ngg_post_thumbnail":0,"footnotes":""},"_links":{"self":[{"href":"http:\/\/krolewo.pl\/index.php?rest_route=\/wp\/v2\/pages\/6348"}],"collection":[{"href":"http:\/\/krolewo.pl\/index.php?rest_route=\/wp\/v2\/pages"}],"about":[{"href":"http:\/\/krolewo.pl\/index.php?rest_route=\/wp\/v2\/types\/page"}],"author":[{"embeddable":true,"href":"http:\/\/krolewo.pl\/index.php?rest_route=\/wp\/v2\/users\/2"}],"replies":[{"embeddable":true,"href":"http:\/\/krolewo.pl\/index.php?rest_route=%2Fwp%2Fv2%2Fcomments&post=6348"}],"version-history":[{"count":1,"href":"http:\/\/krolewo.pl\/index.php?rest_route=\/wp\/v2\/pages\/6348\/revisions"}],"predecessor-version":[{"id":6351,"href":"http:\/\/krolewo.pl\/index.php?rest_route=\/wp\/v2\/pages\/6348\/revisions\/6351"}],"wp:attachment":[{"href":"http:\/\/krolewo.pl\/index.php?rest_route=%2Fwp%2Fv2%2Fmedia&parent=6348"}],"curies":[{"name":"wp","href":"https:\/\/api.w.org\/{rel}","templated":true}]}}