{"id":8,"date":"2012-11-21T15:45:07","date_gmt":"2012-11-21T14:45:07","guid":{"rendered":"http:\/\/krolewo.pl\/?page_id=8"},"modified":"2013-01-05T21:58:16","modified_gmt":"2013-01-05T20:58:16","slug":"kontakt","status":"publish","type":"page","link":"http:\/\/krolewo.pl\/?page_id=8","title":{"rendered":"Kontakt"},"content":{"rendered":"<p><strong>Szko\u0142a Podstawowa w Kr\u00f3lewie<\/strong><\/p>\n<p><strong>Kr\u00f3lewo 58<\/strong><\/p>\n<p><strong>09-131 Joniec<\/strong><\/p>\n<p><strong>tel\/fax: 236612960<\/strong><\/p>\n<p><strong>e-mail:\u00a0szkola@krolewo.pl,\u00a0 spkrol@wp.pl<\/strong><\/p>\n<p>Nie wiesz jak nas znale\u017a\u0107? Sprawd\u017a na mapie!<\/p>\n<p><iframe loading=\"lazy\" src=\"https:\/\/maps.google.pl\/maps?q=52.635524,20.564774&amp;num=1&amp;t=h&amp;ie=UTF8&amp;z=14&amp;ll=52.635511,20.566192&amp;output=embed\" height=\"350\" width=\"425\" frameborder=\"0\" marginwidth=\"0\" marginheight=\"0\" scrolling=\"no\"><\/iframe><br \/>\n<small><a style=\"color: #0000ff; text-align: left;\" href=\"https:\/\/maps.google.pl\/maps?q=52.635524,20.564774&amp;num=1&amp;t=h&amp;ie=UTF8&amp;z=14&amp;ll=52.635511,20.566192&amp;source=embed\">Wy\u015bwietl wi\u0119ksz\u0105 map\u0119<\/a><\/small><\/p>\n","protected":false},"excerpt":{"rendered":"<p>Szko\u0142a Podstawowa w Kr\u00f3lewie Kr\u00f3lewo 58 09-131 Joniec tel\/fax: 236612960 e-mail:\u00a0szkola@krolewo.pl,\u00a0 spkrol@wp.pl Nie wiesz jak nas znale\u017a\u0107? Sprawd\u017a na mapie! Wy\u015bwietl wi\u0119ksz\u0105 map\u0119<\/p>\n","protected":false},"author":1,"featured_media":0,"parent":0,"menu_order":0,"comment_status":"closed","ping_status":"closed","template":"","meta":{"ngg_post_thumbnail":0,"footnotes":""},"_links":{"self":[{"href":"http:\/\/krolewo.pl\/index.php?rest_route=\/wp\/v2\/pages\/8"}],"collection":[{"href":"http:\/\/krolewo.pl\/index.php?rest_route=\/wp\/v2\/pages"}],"about":[{"href":"http:\/\/krolewo.pl\/index.php?rest_route=\/wp\/v2\/types\/page"}],"author":[{"embeddable":true,"href":"http:\/\/krolewo.pl\/index.php?rest_route=\/wp\/v2\/users\/1"}],"replies":[{"embeddable":true,"href":"http:\/\/krolewo.pl\/index.php?rest_route=%2Fwp%2Fv2%2Fcomments&post=8"}],"version-history":[{"count":8,"href":"http:\/\/krolewo.pl\/index.php?rest_route=\/wp\/v2\/pages\/8\/revisions"}],"predecessor-version":[{"id":73,"href":"http:\/\/krolewo.pl\/index.php?rest_route=\/wp\/v2\/pages\/8\/revisions\/73"}],"wp:attachment":[{"href":"http:\/\/krolewo.pl\/index.php?rest_route=%2Fwp%2Fv2%2Fmedia&parent=8"}],"curies":[{"name":"wp","href":"https:\/\/api.w.org\/{rel}","templated":true}]}}